{"id":216,"date":"2020-05-31T14:56:44","date_gmt":"2020-05-31T14:56:44","guid":{"rendered":"http:\/\/marchitektura.com\/?page_id=216"},"modified":"2023-12-09T15:31:23","modified_gmt":"2023-12-09T15:31:23","slug":"impressum","status":"publish","type":"page","link":"https:\/\/marchitektura.com\/?page_id=216","title":{"rendered":"Impressum"},"content":{"rendered":"<p style=\"text-align: center;\"><span style=\"color: #2b2b2b;\">Hofstattstr. 1<br \/>\n86919 Utting<\/span><br \/>\n<span style=\"color: #2b2b2b;\"> Telefon: +49 (0) 8806 534813<\/span><br \/>\n<span style=\"color: #2b2b2b;\"> office@marchitektura.com<\/span><br \/>\n<span style=\"color: #2b2b2b;\"> www.marchitektura.com<\/span><\/p>\n<p style=\"text-align: center;\"><span style=\"color: #2b2b2b;\">Ing. arch. Martina Frings<\/span><br \/>\n<span style=\"color: #2b2b2b;\"> in\u017een\u00fdr architekt (Tschechische Technische Universit\u00e4t Prag)<\/span><br \/>\n<span style=\"color: #2b2b2b;\"> freie Architektin, eingetragenes Mitglied in der Architektenliste der Bayerischen Architektenkammer, Waisenhausstr. 4, D-80637 M\u00fcnchen. Die berufsrechtlichen Bestimmungen, insbesondere das bayerische Baukammerngesetz und die Berufsordnung der bayerischen Architektenkammer sind unter www.byak.de einsehbar.<br \/>\nUSt.-IdNr. DE317268228<\/span><\/p>\n<p style=\"text-align: center;\"><span style=\"color: #2b2b2b;\">Inhaltlich Verantwortliche gem\u00e4\u00df \u00a7 55 Abs. 2 RStV: Martina Frings<\/span><br \/>\n<span style=\"color: #2b2b2b;\"> Alle Inhalte sind urheberrechtlich gesch\u00fctzt, der Urheber ist Martina Frings, sofern projektspezifisch nicht anders genannt.<\/span><\/p>\n<p style=\"text-align: center;\">\n","protected":false},"excerpt":{"rendered":"<p>Hofstattstr. 1 86919 Utting Telefon: +49 (0) 8806 534813 office@marchitektura.com www.marchitektura.com Ing. arch. Martina Frings in\u017een\u00fdr architekt (Tschechische Technische Universit\u00e4t Prag) freie Architektin, eingetragenes Mitglied in der Architektenliste der Bayerischen Architektenkammer, Waisenhausstr. 4, D-80637 M\u00fcnchen. Die berufsrechtlichen Bestimmungen, insbesondere das bayerische Baukammerngesetz und die Berufsordnung der bayerischen Architektenkammer sind unter www.byak.de einsehbar. USt.-IdNr. DE317268228 Inhaltlich [&hellip;]<\/p>\n","protected":false},"author":1,"featured_media":0,"parent":115,"menu_order":0,"comment_status":"closed","ping_status":"closed","template":"","meta":{"_acf_changed":false,"footnotes":""},"class_list":["post-216","page","type-page","status-publish","hentry","entry clearfix"],"acf":[],"yoast_head":"<!-- This site is optimized with the Yoast SEO plugin v17.8 - https:\/\/yoast.com\/wordpress\/plugins\/seo\/ -->\n<title>Impressum - marchitektura<\/title>\n<meta name=\"robots\" content=\"index, follow, max-snippet:-1, max-image-preview:large, max-video-preview:-1\" \/>\n<link rel=\"canonical\" href=\"https:\/\/marchitektura.com\/?page_id=216\" \/>\n<meta property=\"og:locale\" content=\"de_DE\" \/>\n<meta property=\"og:type\" content=\"article\" \/>\n<meta property=\"og:title\" content=\"Impressum - marchitektura\" \/>\n<meta property=\"og:description\" content=\"Hofstattstr. 1 86919 Utting Telefon: +49 (0) 8806 534813 office@marchitektura.com www.marchitektura.com Ing. arch. Martina Frings in\u017een\u00fdr architekt (Tschechische Technische Universit\u00e4t Prag) freie Architektin, eingetragenes Mitglied in der Architektenliste der Bayerischen Architektenkammer, Waisenhausstr. 4, D-80637 M\u00fcnchen. Die berufsrechtlichen Bestimmungen, insbesondere das bayerische Baukammerngesetz und die Berufsordnung der bayerischen Architektenkammer sind unter www.byak.de einsehbar. USt.-IdNr. DE317268228 Inhaltlich [&hellip;]\" \/>\n<meta property=\"og:url\" content=\"https:\/\/marchitektura.com\/?page_id=216\" \/>\n<meta property=\"og:site_name\" content=\"marchitektura\" \/>\n<meta property=\"article:modified_time\" content=\"2023-12-09T15:31:23+00:00\" \/>\n<meta name=\"twitter:card\" content=\"summary\" \/>\n<meta name=\"twitter:label1\" content=\"Gesch\u00e4tzte Lesezeit\" \/>\n\t<meta name=\"twitter:data1\" content=\"1\u00a0Minute\" \/>\n<script type=\"application\/ld+json\" class=\"yoast-schema-graph\">{\"@context\":\"https:\/\/schema.org\",\"@graph\":[{\"@type\":\"WebSite\",\"@id\":\"https:\/\/marchitektura.com\/#website\",\"url\":\"https:\/\/marchitektura.com\/\",\"name\":\"marchitektura\",\"description\":\"\",\"potentialAction\":[{\"@type\":\"SearchAction\",\"target\":{\"@type\":\"EntryPoint\",\"urlTemplate\":\"https:\/\/marchitektura.com\/?s={search_term_string}\"},\"query-input\":\"required name=search_term_string\"}],\"inLanguage\":\"de\"},{\"@type\":\"WebPage\",\"@id\":\"https:\/\/marchitektura.com\/?page_id=216#webpage\",\"url\":\"https:\/\/marchitektura.com\/?page_id=216\",\"name\":\"Impressum - marchitektura\",\"isPartOf\":{\"@id\":\"https:\/\/marchitektura.com\/#website\"},\"datePublished\":\"2020-05-31T14:56:44+00:00\",\"dateModified\":\"2023-12-09T15:31:23+00:00\",\"breadcrumb\":{\"@id\":\"https:\/\/marchitektura.com\/?page_id=216#breadcrumb\"},\"inLanguage\":\"de\",\"potentialAction\":[{\"@type\":\"ReadAction\",\"target\":[\"https:\/\/marchitektura.com\/?page_id=216\"]}]},{\"@type\":\"BreadcrumbList\",\"@id\":\"https:\/\/marchitektura.com\/?page_id=216#breadcrumb\",\"itemListElement\":[{\"@type\":\"ListItem\",\"position\":1,\"name\":\"Startseite\",\"item\":\"https:\/\/marchitektura.com\/\"},{\"@type\":\"ListItem\",\"position\":2,\"name\":\"Kontakt\",\"item\":\"https:\/\/marchitektura.com\/?page_id=115\"},{\"@type\":\"ListItem\",\"position\":3,\"name\":\"Impressum\"}]}]}<\/script>\n<!-- \/ Yoast SEO plugin. -->","yoast_head_json":{"title":"Impressum - marchitektura","robots":{"index":"index","follow":"follow","max-snippet":"max-snippet:-1","max-image-preview":"max-image-preview:large","max-video-preview":"max-video-preview:-1"},"canonical":"https:\/\/marchitektura.com\/?page_id=216","og_locale":"de_DE","og_type":"article","og_title":"Impressum - marchitektura","og_description":"Hofstattstr. 1 86919 Utting Telefon: +49 (0) 8806 534813 office@marchitektura.com www.marchitektura.com Ing. arch. Martina Frings in\u017een\u00fdr architekt (Tschechische Technische Universit\u00e4t Prag) freie Architektin, eingetragenes Mitglied in der Architektenliste der Bayerischen Architektenkammer, Waisenhausstr. 4, D-80637 M\u00fcnchen. Die berufsrechtlichen Bestimmungen, insbesondere das bayerische Baukammerngesetz und die Berufsordnung der bayerischen Architektenkammer sind unter www.byak.de einsehbar. USt.-IdNr. DE317268228 Inhaltlich [&hellip;]","og_url":"https:\/\/marchitektura.com\/?page_id=216","og_site_name":"marchitektura","article_modified_time":"2023-12-09T15:31:23+00:00","twitter_card":"summary","twitter_misc":{"Gesch\u00e4tzte Lesezeit":"1\u00a0Minute"},"schema":{"@context":"https:\/\/schema.org","@graph":[{"@type":"WebSite","@id":"https:\/\/marchitektura.com\/#website","url":"https:\/\/marchitektura.com\/","name":"marchitektura","description":"","potentialAction":[{"@type":"SearchAction","target":{"@type":"EntryPoint","urlTemplate":"https:\/\/marchitektura.com\/?s={search_term_string}"},"query-input":"required name=search_term_string"}],"inLanguage":"de"},{"@type":"WebPage","@id":"https:\/\/marchitektura.com\/?page_id=216#webpage","url":"https:\/\/marchitektura.com\/?page_id=216","name":"Impressum - marchitektura","isPartOf":{"@id":"https:\/\/marchitektura.com\/#website"},"datePublished":"2020-05-31T14:56:44+00:00","dateModified":"2023-12-09T15:31:23+00:00","breadcrumb":{"@id":"https:\/\/marchitektura.com\/?page_id=216#breadcrumb"},"inLanguage":"de","potentialAction":[{"@type":"ReadAction","target":["https:\/\/marchitektura.com\/?page_id=216"]}]},{"@type":"BreadcrumbList","@id":"https:\/\/marchitektura.com\/?page_id=216#breadcrumb","itemListElement":[{"@type":"ListItem","position":1,"name":"Startseite","item":"https:\/\/marchitektura.com\/"},{"@type":"ListItem","position":2,"name":"Kontakt","item":"https:\/\/marchitektura.com\/?page_id=115"},{"@type":"ListItem","position":3,"name":"Impressum"}]}]}},"_links":{"self":[{"href":"https:\/\/marchitektura.com\/index.php?rest_route=\/wp\/v2\/pages\/216","targetHints":{"allow":["GET"]}}],"collection":[{"href":"https:\/\/marchitektura.com\/index.php?rest_route=\/wp\/v2\/pages"}],"about":[{"href":"https:\/\/marchitektura.com\/index.php?rest_route=\/wp\/v2\/types\/page"}],"author":[{"embeddable":true,"href":"https:\/\/marchitektura.com\/index.php?rest_route=\/wp\/v2\/users\/1"}],"replies":[{"embeddable":true,"href":"https:\/\/marchitektura.com\/index.php?rest_route=%2Fwp%2Fv2%2Fcomments&post=216"}],"version-history":[{"count":14,"href":"https:\/\/marchitektura.com\/index.php?rest_route=\/wp\/v2\/pages\/216\/revisions"}],"predecessor-version":[{"id":501,"href":"https:\/\/marchitektura.com\/index.php?rest_route=\/wp\/v2\/pages\/216\/revisions\/501"}],"up":[{"embeddable":true,"href":"https:\/\/marchitektura.com\/index.php?rest_route=\/wp\/v2\/pages\/115"}],"wp:attachment":[{"href":"https:\/\/marchitektura.com\/index.php?rest_route=%2Fwp%2Fv2%2Fmedia&parent=216"}],"curies":[{"name":"wp","href":"https:\/\/api.w.org\/{rel}","templated":true}]}}