{"id":31,"date":"2020-06-01T03:00:01","date_gmt":"2020-06-01T03:00:01","guid":{"rendered":"http:\/\/marchitektura.com\/?page_id=31"},"modified":"2024-06-04T08:20:11","modified_gmt":"2024-06-04T08:20:11","slug":"seite-2","status":"publish","type":"page","link":"https:\/\/marchitektura.com\/?page_id=31","title":{"rendered":"MARTINA FRINGS"},"content":{"rendered":"<div class=\"wp-block-image is-resized\">\n<figure class=\"aligncenter\"><img loading=\"lazy\" decoding=\"async\" width=\"1024\" height=\"420\" src=\"http:\/\/marchitektura.com\/wp-content\/uploads\/2016\/05\/martina_klein-1024x420.jpg\" alt=\"\" class=\"wp-image-107\" srcset=\"https:\/\/marchitektura.com\/wp-content\/uploads\/2016\/05\/martina_klein-1024x420.jpg 1024w, https:\/\/marchitektura.com\/wp-content\/uploads\/2016\/05\/martina_klein-300x123.jpg 300w, https:\/\/marchitektura.com\/wp-content\/uploads\/2016\/05\/martina_klein-768x315.jpg 768w, https:\/\/marchitektura.com\/wp-content\/uploads\/2016\/05\/martina_klein.jpg 1920w\" sizes=\"auto, (max-width: 1024px) 100vw, 1024px\" \/><\/figure>\n<\/div>\n\n\n<p class=\"has-text-align-center\"><br> Ing. arch. <strong>Martina Frings<\/strong><\/p>\n\n\n\n<p class=\"has-text-align-center\">Architektin, Energieeffizienz-Expertin f\u00fcr Wohngeb\u00e4ude<strong> <\/strong><\/p>\n\n\n\n<p>Als Kinder bauten wir kleine H\u00fctten, Feld\u00f6fen und Hochsitze mit einem bunten Mix aus Baumaterialien &#8211; alten T\u00fcren aus Omas Bauernhaus, Vollziegeln oder Quarzsteinen sowie anderen wertvollen Funden. So entstanden Bauwerke, die nicht f\u00fcr die Ewigkeit bestimmt waren, krumme W\u00e4nde und undichte Fenster hatten, uns jedoch mit Stolz erf\u00fcllten und auf ihre Art bildsch\u00f6n waren.<br><br>Der erfinderische Geist, der sich bei diesem Bau-Knobeln entwickelt hatte, begleitet mich mein ganzes Leben. Die Freude an kreativer L\u00f6sungsfindung sowie respektvoller Umgang mit dem Bauort, den Materialien und dessen Wiederverwertung macht mich als Architektin aus, das Streben danach, f\u00fcr die Bauherrn einen Ort zu schaffen, an dem sie ein gl\u00fcckliches da sein f\u00fchren w\u00fcrden.&nbsp;<br>Diese kleinen H\u00e4uschen waren ein tolles Beispiel daf\u00fcr, was nachhaltiges Bauen f\u00fcr mich bedeutet&nbsp; &#8211; mit vorhandenen Ressourcen wirtschaften, mit einfachen Methoden um\/bauen, ohne sich vor Ver\u00e4nderung und Innovation zu scheuen; den Ort und seine Atmosph\u00e4re ins Haus hinein lassen, denn der Ort, an dem ein Bauwerk entsteht, spielt hierbei eine entscheidende Rolle. Obgleich ein Glaskubus oder ein Bau aus Stampflehm haben das Potential, sich richtig am Platz anzuf\u00fchlen &#8211; mit dem Augenmerk auf die Umgebung und einem Ma\u00df an Naturverbundenheit.<\/p>\n\n\n\n<p>Gefolgt vom ersten Job in einem hessischen Sanierungsb\u00fcro entwickelte sich meine Vorliebe f\u00fcrs Bauen im Bestand &#8211; gerne lausche ich bei meiner Arbeit Geschichten, die H\u00e4user und ihre Bewohner zu erz\u00e4hlen haben und die sich w\u00e4hrend des Entwurfsprozesses mit dem Greifbaren zusammensetzen.<br><br>Als unsere Studiengruppe ein Plus-Energie Prototyp baute, um mit diesem erfolgreich den Hauptpreis im Solar Decathlon Wettbewerb in Washington D.C zu gewinnen, kam bei mir w\u00e4hrend der&nbsp;Nachtschichten die \u00dcberzeugung hinzu, dass es sich lohnt, in \u00f6kologische Konzepte zu investieren, immer wieder aufs Neue umzudenken.&nbsp; Und so bekam der Satz: Das haben wir noch nie so gemacht! eine neue Bedeutung f\u00fcr mich, n\u00e4mlich: Dann wird es allm\u00e4hlich an der Zeit.<\/p>\n\n\n\n<p class=\"has-text-align-left\">_____<\/p>\n\n\n\n<p><strong>VITA<\/strong><br>Seit 2024 Energieeffizienz-Expertin f\u00fcr Wohngeb\u00e4ude<br>Seit 2015 als freischaffende Architektin t\u00e4tig, Gr\u00fcndung <strong>MARCHITEKTURA<\/strong><br><br>2004 Praktikum Seidenspinner Architekten in Metzingen<br>2009 Teilnahme an Solar Decathlon in Washington D.C. &#8211; Team Germany, 1. Platz<br>2008 -2010 Praktikum und Mitarbeit Rittmannsperger Architekten in Darmstadt<br>2010-2012 und 2016-2019 Mitarbeit Atelier L\u00fcps in Utting<br>2021\u00a0-2023 freie Mitarbeit bei Schneider-Kr\u00fcmpelmann Architekten in Utting<br>2018 bis heute freie Mitarbeiterin Ingenieurplanung Bergmaier in Grafrath<br><a href=\"https:\/\/www.ingenieurplanung-bergmaier.de\/index.php\/buero\/\">https:\/\/www.ingenieurplanung-bergmaier.de\/index.php\/buero\/<\/a><br>2020\u00a0bis heute freie Mitarbeit bei Vera Winzinger Architektin + Stadtplanerin in Utting <br><\/p>\n\n\n\n<p><\/p>\n","protected":false},"excerpt":{"rendered":"<p>Ing. arch. Martina Frings Architektin, Energieeffizienz-Expertin f\u00fcr Wohngeb\u00e4ude Als Kinder bauten wir kleine H\u00fctten, Feld\u00f6fen und Hochsitze mit einem bunten Mix aus Baumaterialien &#8211; alten T\u00fcren aus Omas Bauernhaus, Vollziegeln oder Quarzsteinen sowie anderen wertvollen Funden. So entstanden Bauwerke, die nicht f\u00fcr die Ewigkeit bestimmt waren, krumme W\u00e4nde und undichte Fenster hatten, uns jedoch mit [&hellip;]<\/p>\n","protected":false},"author":1,"featured_media":0,"parent":0,"menu_order":0,"comment_status":"closed","ping_status":"closed","template":"","meta":{"_acf_changed":false,"footnotes":""},"class_list":["post-31","page","type-page","status-publish","hentry","entry clearfix"],"acf":[],"yoast_head":"<!-- This site is optimized with the Yoast SEO plugin v17.8 - https:\/\/yoast.com\/wordpress\/plugins\/seo\/ -->\n<title>MARTINA FRINGS - marchitektura<\/title>\n<meta name=\"robots\" content=\"index, follow, max-snippet:-1, max-image-preview:large, max-video-preview:-1\" \/>\n<link rel=\"canonical\" href=\"https:\/\/marchitektura.com\/?page_id=31\" \/>\n<meta property=\"og:locale\" content=\"de_DE\" \/>\n<meta property=\"og:type\" content=\"article\" \/>\n<meta property=\"og:title\" content=\"MARTINA FRINGS - marchitektura\" \/>\n<meta property=\"og:description\" content=\"Ing. arch. Martina Frings Architektin, Energieeffizienz-Expertin f\u00fcr Wohngeb\u00e4ude Als Kinder bauten wir kleine H\u00fctten, Feld\u00f6fen und Hochsitze mit einem bunten Mix aus Baumaterialien &#8211; alten T\u00fcren aus Omas Bauernhaus, Vollziegeln oder Quarzsteinen sowie anderen wertvollen Funden. So entstanden Bauwerke, die nicht f\u00fcr die Ewigkeit bestimmt waren, krumme W\u00e4nde und undichte Fenster hatten, uns jedoch mit [&hellip;]\" \/>\n<meta property=\"og:url\" content=\"https:\/\/marchitektura.com\/?page_id=31\" \/>\n<meta property=\"og:site_name\" content=\"marchitektura\" \/>\n<meta property=\"article:modified_time\" content=\"2024-06-04T08:20:11+00:00\" \/>\n<meta property=\"og:image\" content=\"http:\/\/marchitektura.com\/wp-content\/uploads\/2016\/05\/martina_klein-1024x420.jpg\" \/>\n<meta name=\"twitter:card\" content=\"summary\" \/>\n<meta name=\"twitter:label1\" content=\"Gesch\u00e4tzte Lesezeit\" \/>\n\t<meta name=\"twitter:data1\" content=\"3\u00a0Minuten\" \/>\n<script type=\"application\/ld+json\" class=\"yoast-schema-graph\">{\"@context\":\"https:\/\/schema.org\",\"@graph\":[{\"@type\":\"WebSite\",\"@id\":\"https:\/\/marchitektura.com\/#website\",\"url\":\"https:\/\/marchitektura.com\/\",\"name\":\"marchitektura\",\"description\":\"\",\"potentialAction\":[{\"@type\":\"SearchAction\",\"target\":{\"@type\":\"EntryPoint\",\"urlTemplate\":\"https:\/\/marchitektura.com\/?s={search_term_string}\"},\"query-input\":\"required name=search_term_string\"}],\"inLanguage\":\"de\"},{\"@type\":\"ImageObject\",\"@id\":\"https:\/\/marchitektura.com\/?page_id=31#primaryimage\",\"inLanguage\":\"de\",\"url\":\"http:\/\/marchitektura.com\/wp-content\/uploads\/2016\/05\/martina_klein-1024x420.jpg\",\"contentUrl\":\"http:\/\/marchitektura.com\/wp-content\/uploads\/2016\/05\/martina_klein-1024x420.jpg\"},{\"@type\":\"WebPage\",\"@id\":\"https:\/\/marchitektura.com\/?page_id=31#webpage\",\"url\":\"https:\/\/marchitektura.com\/?page_id=31\",\"name\":\"MARTINA FRINGS - marchitektura\",\"isPartOf\":{\"@id\":\"https:\/\/marchitektura.com\/#website\"},\"primaryImageOfPage\":{\"@id\":\"https:\/\/marchitektura.com\/?page_id=31#primaryimage\"},\"datePublished\":\"2020-06-01T03:00:01+00:00\",\"dateModified\":\"2024-06-04T08:20:11+00:00\",\"breadcrumb\":{\"@id\":\"https:\/\/marchitektura.com\/?page_id=31#breadcrumb\"},\"inLanguage\":\"de\",\"potentialAction\":[{\"@type\":\"ReadAction\",\"target\":[\"https:\/\/marchitektura.com\/?page_id=31\"]}]},{\"@type\":\"BreadcrumbList\",\"@id\":\"https:\/\/marchitektura.com\/?page_id=31#breadcrumb\",\"itemListElement\":[{\"@type\":\"ListItem\",\"position\":1,\"name\":\"Startseite\",\"item\":\"https:\/\/marchitektura.com\/\"},{\"@type\":\"ListItem\",\"position\":2,\"name\":\"MARTINA FRINGS\"}]}]}<\/script>\n<!-- \/ Yoast SEO plugin. -->","yoast_head_json":{"title":"MARTINA FRINGS - marchitektura","robots":{"index":"index","follow":"follow","max-snippet":"max-snippet:-1","max-image-preview":"max-image-preview:large","max-video-preview":"max-video-preview:-1"},"canonical":"https:\/\/marchitektura.com\/?page_id=31","og_locale":"de_DE","og_type":"article","og_title":"MARTINA FRINGS - marchitektura","og_description":"Ing. arch. Martina Frings Architektin, Energieeffizienz-Expertin f\u00fcr Wohngeb\u00e4ude Als Kinder bauten wir kleine H\u00fctten, Feld\u00f6fen und Hochsitze mit einem bunten Mix aus Baumaterialien &#8211; alten T\u00fcren aus Omas Bauernhaus, Vollziegeln oder Quarzsteinen sowie anderen wertvollen Funden. So entstanden Bauwerke, die nicht f\u00fcr die Ewigkeit bestimmt waren, krumme W\u00e4nde und undichte Fenster hatten, uns jedoch mit [&hellip;]","og_url":"https:\/\/marchitektura.com\/?page_id=31","og_site_name":"marchitektura","article_modified_time":"2024-06-04T08:20:11+00:00","og_image":[{"url":"http:\/\/marchitektura.com\/wp-content\/uploads\/2016\/05\/martina_klein-1024x420.jpg"}],"twitter_card":"summary","twitter_misc":{"Gesch\u00e4tzte Lesezeit":"3\u00a0Minuten"},"schema":{"@context":"https:\/\/schema.org","@graph":[{"@type":"WebSite","@id":"https:\/\/marchitektura.com\/#website","url":"https:\/\/marchitektura.com\/","name":"marchitektura","description":"","potentialAction":[{"@type":"SearchAction","target":{"@type":"EntryPoint","urlTemplate":"https:\/\/marchitektura.com\/?s={search_term_string}"},"query-input":"required name=search_term_string"}],"inLanguage":"de"},{"@type":"ImageObject","@id":"https:\/\/marchitektura.com\/?page_id=31#primaryimage","inLanguage":"de","url":"http:\/\/marchitektura.com\/wp-content\/uploads\/2016\/05\/martina_klein-1024x420.jpg","contentUrl":"http:\/\/marchitektura.com\/wp-content\/uploads\/2016\/05\/martina_klein-1024x420.jpg"},{"@type":"WebPage","@id":"https:\/\/marchitektura.com\/?page_id=31#webpage","url":"https:\/\/marchitektura.com\/?page_id=31","name":"MARTINA FRINGS - marchitektura","isPartOf":{"@id":"https:\/\/marchitektura.com\/#website"},"primaryImageOfPage":{"@id":"https:\/\/marchitektura.com\/?page_id=31#primaryimage"},"datePublished":"2020-06-01T03:00:01+00:00","dateModified":"2024-06-04T08:20:11+00:00","breadcrumb":{"@id":"https:\/\/marchitektura.com\/?page_id=31#breadcrumb"},"inLanguage":"de","potentialAction":[{"@type":"ReadAction","target":["https:\/\/marchitektura.com\/?page_id=31"]}]},{"@type":"BreadcrumbList","@id":"https:\/\/marchitektura.com\/?page_id=31#breadcrumb","itemListElement":[{"@type":"ListItem","position":1,"name":"Startseite","item":"https:\/\/marchitektura.com\/"},{"@type":"ListItem","position":2,"name":"MARTINA FRINGS"}]}]}},"_links":{"self":[{"href":"https:\/\/marchitektura.com\/index.php?rest_route=\/wp\/v2\/pages\/31","targetHints":{"allow":["GET"]}}],"collection":[{"href":"https:\/\/marchitektura.com\/index.php?rest_route=\/wp\/v2\/pages"}],"about":[{"href":"https:\/\/marchitektura.com\/index.php?rest_route=\/wp\/v2\/types\/page"}],"author":[{"embeddable":true,"href":"https:\/\/marchitektura.com\/index.php?rest_route=\/wp\/v2\/users\/1"}],"replies":[{"embeddable":true,"href":"https:\/\/marchitektura.com\/index.php?rest_route=%2Fwp%2Fv2%2Fcomments&post=31"}],"version-history":[{"count":74,"href":"https:\/\/marchitektura.com\/index.php?rest_route=\/wp\/v2\/pages\/31\/revisions"}],"predecessor-version":[{"id":570,"href":"https:\/\/marchitektura.com\/index.php?rest_route=\/wp\/v2\/pages\/31\/revisions\/570"}],"wp:attachment":[{"href":"https:\/\/marchitektura.com\/index.php?rest_route=%2Fwp%2Fv2%2Fmedia&parent=31"}],"curies":[{"name":"wp","href":"https:\/\/api.w.org\/{rel}","templated":true}]}}